{"id":16,"date":"2014-05-23T16:58:52","date_gmt":"2014-05-23T15:58:52","guid":{"rendered":"http:\/\/www.commune-athies.fr\/?page_id=16"},"modified":"2015-12-01T17:40:27","modified_gmt":"2015-12-01T16:40:27","slug":"ecole","status":"publish","type":"page","link":"https:\/\/www.commune-athies.fr\/?page_id=16","title":{"rendered":"Ecole"},"content":{"rendered":"<p>La commune d&rsquo;Athies dispose de 2 classes:<\/p>\n<ul>\n<li>Maternelle : GS avec\u00a0Mme Lecardonnel et V\u00e9ronique (ATSEM)<\/li>\n<li>El\u00e9mentaire : CE1 Mme Lecardonnel et V\u00e9ronique (ATSEM)<\/li>\n<li>\u00a0 \u00a0 \u00a0 \u00a0 \u00a0 \u00a0 \u00a0 \u00a0 \u00a0 \u00a0 \u00a0 \u00a0 \u00a0 CP<\/li>\n<li>\u00a0 \u00a0 \u00a0 \u00a0 \u00a0 \u00a0 \u00a0 \u00a0 \u00a0 \u00a0 \u00a0 \u00a0 \u00a0 CE2<\/li>\n<\/ul>\n<p>Les horaires sont les suivants:<\/p>\n<p>&#8211; lundi mardi jeudi vendredi: 8h55\/11h50 \u00a0 \u00a0 \u00a014h\/16h20<\/p>\n<p>&#8211; mercredi: 8h50\/11h30<\/p>\n<p><span style=\"color: #ff0000;\"><strong><em><span style=\"font-size: large;\">Vente des tickets de restauration scolaire p<\/span><\/em><\/strong><\/span><strong><em><span style=\"font-size: large;\">our le regroupement de la vall\u00e9e de l\u2019Omignon \u00e0 compter de janvier 2015 aux agences postales communales de:<\/span><\/em><\/strong><\/p>\n<table style=\"height: 110px;\" border=\"1\" width=\"604\" cellspacing=\"0\" cellpadding=\"4\">\n<colgroup>\n<col width=\"128*\" \/>\n<col width=\"128*\" \/> <\/colgroup>\n<tbody>\n<tr valign=\"TOP\">\n<td width=\"50%\"><span style=\"font-size: large;\"><span style=\"text-decoration: underline;\">Monchy-Lagache\u00a0:<\/span><\/span><\/p>\n<ul>\n<li><span style=\"font-size: large;\">Mardi de 15h30 \u00e0 19h<\/span><\/li>\n<li><span style=\"font-size: large;\">Jeudi de 9h30 \u00e0 12h<\/span><\/li>\n<li><span style=\"font-size: large;\">Samedi de 9h30 \u00e0 12h<\/span><\/li>\n<\/ul>\n<\/td>\n<td width=\"50%\"><span style=\"font-size: large;\"><span style=\"text-decoration: underline;\">Athies\u00a0:<\/span><\/span><\/p>\n<ul>\n<li><span style=\"font-size: large;\">Mardi de 8h \u00e0 12h<\/span><\/li>\n<li><span style=\"font-size: large;\">Jeudi de 13h30 \u00e0 15h<\/span><\/li>\n<li><span style=\"font-size: large;\">Vendredi de 13h30 \u00e0 18h<\/span><\/li>\n<\/ul>\n<\/td>\n<\/tr>\n<\/tbody>\n<\/table>\n","protected":false},"excerpt":{"rendered":"<p>La commune d&rsquo;Athies dispose de 2 classes: Maternelle : GS avec\u00a0Mme Lecardonnel et V\u00e9ronique (ATSEM) El\u00e9mentaire : CE1 Mme Lecardonnel et V\u00e9ronique (ATSEM) \u00a0 \u00a0 \u00a0 \u00a0 \u00a0 \u00a0 \u00a0 \u00a0 \u00a0 \u00a0 \u00a0 \u00a0 \u00a0 CP \u00a0 \u00a0 \u00a0 &hellip; <a href=\"https:\/\/www.commune-athies.fr\/?page_id=16\">Continuer la lecture <span class=\"meta-nav\">&rarr;<\/span><\/a><\/p>\n","protected":false},"author":2,"featured_media":0,"parent":0,"menu_order":0,"comment_status":"closed","ping_status":"closed","template":"","meta":{"footnotes":""},"class_list":["post-16","page","type-page","status-publish","hentry"],"_links":{"self":[{"href":"https:\/\/www.commune-athies.fr\/index.php?rest_route=\/wp\/v2\/pages\/16","targetHints":{"allow":["GET"]}}],"collection":[{"href":"https:\/\/www.commune-athies.fr\/index.php?rest_route=\/wp\/v2\/pages"}],"about":[{"href":"https:\/\/www.commune-athies.fr\/index.php?rest_route=\/wp\/v2\/types\/page"}],"author":[{"embeddable":true,"href":"https:\/\/www.commune-athies.fr\/index.php?rest_route=\/wp\/v2\/users\/2"}],"replies":[{"embeddable":true,"href":"https:\/\/www.commune-athies.fr\/index.php?rest_route=%2Fwp%2Fv2%2Fcomments&post=16"}],"version-history":[{"count":11,"href":"https:\/\/www.commune-athies.fr\/index.php?rest_route=\/wp\/v2\/pages\/16\/revisions"}],"predecessor-version":[{"id":354,"href":"https:\/\/www.commune-athies.fr\/index.php?rest_route=\/wp\/v2\/pages\/16\/revisions\/354"}],"wp:attachment":[{"href":"https:\/\/www.commune-athies.fr\/index.php?rest_route=%2Fwp%2Fv2%2Fmedia&parent=16"}],"curies":[{"name":"wp","href":"https:\/\/api.w.org\/{rel}","templated":true}]}}