{"id":135,"date":"2014-05-27T07:50:48","date_gmt":"2014-05-27T06:50:48","guid":{"rendered":"http:\/\/www.commune-athies.fr\/?page_id=135"},"modified":"2017-06-20T17:47:21","modified_gmt":"2017-06-20T16:47:21","slug":"services","status":"publish","type":"page","link":"https:\/\/www.commune-athies.fr\/?page_id=135","title":{"rendered":"Services"},"content":{"rendered":"<ul>\n<li><span style=\"color: #0000ff;\">Mairie<\/span><\/li>\n<\/ul>\n<p>Secr\u00e9tariat: Madame Am\u00e9lie Denis, 03.22.85.61.95, mairieathies@orange.fr (l &lsquo;adresse du conseil municipal est diff\u00e9rente communeathies@gmail.com)<\/p>\n<ul>\n<li><span style=\"color: #0000ff;\">A.D.M.R (aide \u00e0 domicile)<\/span><\/li>\n<\/ul>\n<p>Monsieur Jean-Paul Beauvois : 03.22.85.66.07<\/p>\n<ul>\n<li><span style=\"color: #0000ff;\">Agence postale<\/span><\/li>\n<\/ul>\n<p>Madame Sandra Petilleon, 03.22.83.21.74<\/p>\n<p><span style=\"text-decoration: underline;\"><span style=\"color: #008000; text-decoration: underline;\">Horaires d&rsquo;ouverture de l&rsquo;agence postale:<\/span><\/span><\/p>\n<p>Lundi : 8h00 -12h00<\/p>\n<p>Mardi : 8h00 -12h00<\/p>\n<p>Jeudi: 13h30 -15h00<\/p>\n<p>Vendredi: 13h30 18h00<\/p>\n<ul>\n<li><span style=\"color: #0000ff;\">Ecole<\/span><\/li>\n<\/ul>\n<p>Madame Marie-Anne Bressous, directrice, 03.22.85.61.48<\/p>\n<ul>\n<li><span style=\"color: #0000ff;\">Tr\u00e9sorerie<\/span><\/li>\n<\/ul>\n<p>Monsieur St\u00e9phane Matthieu, receveur municipal, 03.23.81.10.86<\/p>\n<ul>\n<li><span style=\"color: #0000ff;\">R\u00e9sidence Sainte Radegonde<\/span><\/li>\n<\/ul>\n<p>Monsieur Charly Frazier, directeur, 03.22.85.61.44<\/p>\n<ul>\n<li><span style=\"color: #0000ff;\">Permanences parlementaires<\/span><\/li>\n<\/ul>\n<p>Monsieur St\u00e9phane Demilly, d\u00e9put\u00e9 de la Somme<\/p>\n<p>rue de la caisse d&rsquo;\u00e9pargne \u00e0 P\u00e9ronne<\/p>\n<p>mardi-jeudi-vendredi de 9h00 \u00e0 12h00 et de 14h00 \u00e0 18h00<\/p>\n<p>permanence sociale en mairie de P\u00e9ronne, se renseigner au 03.22.84.38.43<\/p>\n<ul>\n<li><span style=\"color: #0000ff;\">Permanences du conseil g\u00e9n\u00e9ral<\/span><\/li>\n<\/ul>\n<p>Monsieur Gr\u00e9gory Labille, conseiller g\u00e9n\u00e9ral du canton de Ham<\/p>\n<p>chaque mardi \u00e0 la mairie de Ham, 1er et 3eme mardis a la maison de quartier Emile Luciani \u00e0 17 h00, une fois par an dans chaque mairie du canton<\/p>\n<p>tel: \u00a003.23.81.00.00<\/p>\n<p>mail: gregory.labille@sfr.fr<\/p>\n<p>adresse: 14 rue du port 80400 HAM<\/p>\n<ul>\n<li><span style=\"color: #0000ff;\">Maraicher<\/span><\/li>\n<\/ul>\n<p>Mme Evelyne Ben Settala de 14h30 \u00e0 19h00<\/p>\n<ul>\n<li><span style=\"color: #0000ff;\">Boulanger<\/span><\/li>\n<\/ul>\n<p>Mr Blaudez livre Athies tous les matins sauf le dimanche<\/p>\n<ul>\n<li><span style=\"color: #0000ff;\">Produits du terroir<\/span><\/li>\n<\/ul>\n<p>Mr et Mme Chombart livre tous les 15 jours des produits locaux : pommes de terre , salades, poulets, oeufs, l\u00e9gumes et fruits vari\u00e9s.<\/p>\n","protected":false},"excerpt":{"rendered":"<p>Mairie Secr\u00e9tariat: Madame Am\u00e9lie Denis, 03.22.85.61.95, mairieathies@orange.fr (l &lsquo;adresse du conseil municipal est diff\u00e9rente communeathies@gmail.com) A.D.M.R (aide \u00e0 domicile) Monsieur Jean-Paul Beauvois : 03.22.85.66.07 Agence postale Madame Sandra Petilleon, 03.22.83.21.74 Horaires d&rsquo;ouverture de l&rsquo;agence postale: Lundi : 8h00 -12h00 Mardi &hellip; <a href=\"https:\/\/www.commune-athies.fr\/?page_id=135\">Continuer la lecture <span class=\"meta-nav\">&rarr;<\/span><\/a><\/p>\n","protected":false},"author":2,"featured_media":0,"parent":0,"menu_order":0,"comment_status":"closed","ping_status":"closed","template":"","meta":{"footnotes":""},"class_list":["post-135","page","type-page","status-publish","hentry"],"_links":{"self":[{"href":"https:\/\/www.commune-athies.fr\/index.php?rest_route=\/wp\/v2\/pages\/135","targetHints":{"allow":["GET"]}}],"collection":[{"href":"https:\/\/www.commune-athies.fr\/index.php?rest_route=\/wp\/v2\/pages"}],"about":[{"href":"https:\/\/www.commune-athies.fr\/index.php?rest_route=\/wp\/v2\/types\/page"}],"author":[{"embeddable":true,"href":"https:\/\/www.commune-athies.fr\/index.php?rest_route=\/wp\/v2\/users\/2"}],"replies":[{"embeddable":true,"href":"https:\/\/www.commune-athies.fr\/index.php?rest_route=%2Fwp%2Fv2%2Fcomments&post=135"}],"version-history":[{"count":10,"href":"https:\/\/www.commune-athies.fr\/index.php?rest_route=\/wp\/v2\/pages\/135\/revisions"}],"predecessor-version":[{"id":907,"href":"https:\/\/www.commune-athies.fr\/index.php?rest_route=\/wp\/v2\/pages\/135\/revisions\/907"}],"wp:attachment":[{"href":"https:\/\/www.commune-athies.fr\/index.php?rest_route=%2Fwp%2Fv2%2Fmedia&parent=135"}],"curies":[{"name":"wp","href":"https:\/\/api.w.org\/{rel}","templated":true}]}}