{"id":10,"date":"2014-05-23T16:33:37","date_gmt":"2014-05-23T15:33:37","guid":{"rendered":"http:\/\/www.commune-athies.fr\/?page_id=10"},"modified":"2018-03-28T15:18:26","modified_gmt":"2018-03-28T14:18:26","slug":"sports","status":"publish","type":"page","link":"https:\/\/www.commune-athies.fr\/?page_id=10","title":{"rendered":"Sports et associations"},"content":{"rendered":"<p>La commune d&rsquo;Athies\u00a0compte diff\u00e9rentes associations, voici leurs coordonn\u00e9es:<\/p>\n<ul>\n<li><span style=\"color: #0000ff;\">ADMR\u00a0 (Aide \u00e0 Domicile en Milieu Rural)<\/span><\/li>\n<\/ul>\n<p>Responsable Athies: Jean-Paul BEAUVOIS.<\/p>\n<ul>\n<li><span style=\"color: #0000ff;\">La longue paume<\/span><\/li>\n<\/ul>\n<p><em>Pr\u00e9sident: M BLERIOT Benjamin 07.50.84.74.36<\/em><\/p>\n<ul>\n<li><span style=\"color: #0000ff;\">Soci\u00e9t\u00e9 de chasse<\/span><\/li>\n<\/ul>\n<p>Mr VANWALSCAPPEL.<\/p>\n<ul>\n<li><span style=\"color: #0000ff;\">Club de l&rsquo;Omignon (Athies-Ennemain)<\/span><\/li>\n<\/ul>\n<p>Divers loisirs pour les s\u00e9niors<\/p>\n<ul>\n<li><span style=\"color: #0000ff;\">Comit\u00e9 des f\u00eate.<\/span><\/li>\n<\/ul>\n<p>Pr\u00e9sident: David FASQUEL.<\/p>\n<ul>\n<li><span style=\"color: #0000ff;\">Ludobus.<\/span><\/li>\n<\/ul>\n<p>Responsable: CAF Ham.<\/p>\n<ul>\n<li><span style=\"color: #0000ff;\">Anciens combattants.<\/span><\/li>\n<\/ul>\n<p><span style=\"color: #444444; font-family: Georgia, 'Bitstream Charter', serif; font-size: 16px; font-style: italic; line-height: 1.5;\">Pr\u00e9sident: M Christian FROISSART\u00a0\u00a0 03.22.85.67.88<\/span><\/p>\n<ul>\n<li><span style=\"color: #0000ff;\">Familles rurales.<\/span><\/li>\n<\/ul>\n<p>Pr\u00e9sidente: Mme PREUDHOMME.<\/p>\n<p>&nbsp;<\/p>\n","protected":false},"excerpt":{"rendered":"<p>La commune d&rsquo;Athies\u00a0compte diff\u00e9rentes associations, voici leurs coordonn\u00e9es: ADMR\u00a0 (Aide \u00e0 Domicile en Milieu Rural) Responsable Athies: Jean-Paul BEAUVOIS. La longue paume Pr\u00e9sident: M BLERIOT Benjamin 07.50.84.74.36 Soci\u00e9t\u00e9 de chasse Mr VANWALSCAPPEL. Club de l&rsquo;Omignon (Athies-Ennemain) Divers loisirs pour les &hellip; <a href=\"https:\/\/www.commune-athies.fr\/?page_id=10\">Continuer la lecture <span class=\"meta-nav\">&rarr;<\/span><\/a><\/p>\n","protected":false},"author":2,"featured_media":0,"parent":0,"menu_order":0,"comment_status":"closed","ping_status":"open","template":"","meta":{"footnotes":""},"class_list":["post-10","page","type-page","status-publish","hentry"],"_links":{"self":[{"href":"https:\/\/www.commune-athies.fr\/index.php?rest_route=\/wp\/v2\/pages\/10","targetHints":{"allow":["GET"]}}],"collection":[{"href":"https:\/\/www.commune-athies.fr\/index.php?rest_route=\/wp\/v2\/pages"}],"about":[{"href":"https:\/\/www.commune-athies.fr\/index.php?rest_route=\/wp\/v2\/types\/page"}],"author":[{"embeddable":true,"href":"https:\/\/www.commune-athies.fr\/index.php?rest_route=\/wp\/v2\/users\/2"}],"replies":[{"embeddable":true,"href":"https:\/\/www.commune-athies.fr\/index.php?rest_route=%2Fwp%2Fv2%2Fcomments&post=10"}],"version-history":[{"count":19,"href":"https:\/\/www.commune-athies.fr\/index.php?rest_route=\/wp\/v2\/pages\/10\/revisions"}],"predecessor-version":[{"id":983,"href":"https:\/\/www.commune-athies.fr\/index.php?rest_route=\/wp\/v2\/pages\/10\/revisions\/983"}],"wp:attachment":[{"href":"https:\/\/www.commune-athies.fr\/index.php?rest_route=%2Fwp%2Fv2%2Fmedia&parent=10"}],"curies":[{"name":"wp","href":"https:\/\/api.w.org\/{rel}","templated":true}]}}